{"id":3,"date":"2023-11-22T11:03:19","date_gmt":"2023-11-22T11:03:19","guid":{"rendered":"https:\/\/sarves.com.br\/chamada\/?page_id=3"},"modified":"2024-02-05T02:18:21","modified_gmt":"2024-02-05T02:18:21","slug":"termos-de-uso","status":"publish","type":"page","link":"https:\/\/sarves.com.br\/chamada\/termos-de-uso\/","title":{"rendered":"Termos de uso"},"content":{"rendered":"\n<p>Os textos de nossos sites, exceto nossos devocionais di\u00e1rios (P\u00e9rolas Di\u00e1rias, Todo Dia Com Paz, Todo Dia Com Jesus e Todo Dia Com as Escrituras) e nossos downloads em PDF (revistas e livros), podem ser reproduzidos ou publicados livremente, desde que seja citada a fonte (endere\u00e7o, link para nossa homepage), que o conte\u00fado n\u00e3o seja modificado e que sejamos informados a respeito. Em caso de publica\u00e7\u00f5es impressas (boletins, peri\u00f3dicos), envie-nos um exemplar.<\/p>\n\n\n\n<p>As imagens do site que estejam marcadas com a licen\u00e7a&nbsp;<a href=\"http:\/\/www.creativecommons.org.br\/\" target=\"_blank\" rel=\"noreferrer noopener\">Creative Commons<\/a>&nbsp;(cc) est\u00e3o dispon\u00edveis de acordo com os termos dessa licen\u00e7a, sendo que os direitos originais s\u00e3o dos repectivos autores.<\/p>\n\n\n\n<p>As opini\u00f5es expressas nos artigos assinados s\u00e3o de responsabilidade dos seus autores.<\/p>\n\n\n\n<p>Encorajamos os leitores a seguirem o exemplo dos crist\u00e3os de Ber\u00e9ia, que s\u00e3o LOUVADOS em Atos 17:11 porque EXAMINAVAM as ESCRITURAS para ver se as coisas eram, de fato, assim.<\/p>\n","protected":false},"excerpt":{"rendered":"<p>Os textos de nossos sites, exceto nossos devocionais di\u00e1rios (P\u00e9rolas Di\u00e1rias, Todo Dia Com Paz, Todo Dia Com Jesus e Todo Dia Com as Escrituras) e nossos downloads em PDF (revistas e livros), podem ser reproduzidos ou publicados livremente, desde que seja citada a fonte (endere\u00e7o, link para nossa homepage), que o conte\u00fado n\u00e3o seja &hellip;<\/p>\n<p class=\"read-more\"> <a class=\"\" href=\"https:\/\/sarves.com.br\/chamada\/termos-de-uso\/\"> <span class=\"screen-reader-text\">Termos de uso<\/span> Leia mais &raquo;<\/a><\/p>\n","protected":false},"author":1,"featured_media":0,"parent":0,"menu_order":0,"comment_status":"closed","ping_status":"closed","template":"","meta":{"inline_featured_image":false,"site-sidebar-layout":"default","site-content-layout":"","ast-site-content-layout":"default","site-content-style":"default","site-sidebar-style":"default","ast-global-header-display":"","ast-banner-title-visibility":"","ast-main-header-display":"","ast-hfb-above-header-display":"","ast-hfb-below-header-display":"","ast-hfb-mobile-header-display":"","site-post-title":"","ast-breadcrumbs-content":"","ast-featured-img":"","footer-sml-layout":"","theme-transparent-header-meta":"","adv-header-id-meta":"","stick-header-meta":"","header-above-stick-meta":"","header-main-stick-meta":"","header-below-stick-meta":"","astra-migrate-meta-layouts":"set","ast-page-background-enabled":"default","ast-page-background-meta":{"desktop":{"background-color":"","background-image":"","background-repeat":"repeat","background-position":"center center","background-size":"auto","background-attachment":"scroll","background-type":"","background-media":"","overlay-type":"","overlay-color":"","overlay-gradient":""},"tablet":{"background-color":"","background-image":"","background-repeat":"repeat","background-position":"center center","background-size":"auto","background-attachment":"scroll","background-type":"","background-media":"","overlay-type":"","overlay-color":"","overlay-gradient":""},"mobile":{"background-color":"","background-image":"","background-repeat":"repeat","background-position":"center center","background-size":"auto","background-attachment":"scroll","background-type":"","background-media":"","overlay-type":"","overlay-color":"","overlay-gradient":""}},"ast-content-background-meta":{"desktop":{"background-color":"var(--ast-global-color-5)","background-image":"","background-repeat":"repeat","background-position":"center center","background-size":"auto","background-attachment":"scroll","background-type":"","background-media":"","overlay-type":"","overlay-color":"","overlay-gradient":""},"tablet":{"background-color":"var(--ast-global-color-5)","background-image":"","background-repeat":"repeat","background-position":"center center","background-size":"auto","background-attachment":"scroll","background-type":"","background-media":"","overlay-type":"","overlay-color":"","overlay-gradient":""},"mobile":{"background-color":"var(--ast-global-color-5)","background-image":"","background-repeat":"repeat","background-position":"center center","background-size":"auto","background-attachment":"scroll","background-type":"","background-media":"","overlay-type":"","overlay-color":"","overlay-gradient":""}},"footnotes":""},"acf":[],"_links":{"self":[{"href":"https:\/\/sarves.com.br\/chamada\/wp-json\/wp\/v2\/pages\/3"}],"collection":[{"href":"https:\/\/sarves.com.br\/chamada\/wp-json\/wp\/v2\/pages"}],"about":[{"href":"https:\/\/sarves.com.br\/chamada\/wp-json\/wp\/v2\/types\/page"}],"author":[{"embeddable":true,"href":"https:\/\/sarves.com.br\/chamada\/wp-json\/wp\/v2\/users\/1"}],"replies":[{"embeddable":true,"href":"https:\/\/sarves.com.br\/chamada\/wp-json\/wp\/v2\/comments?post=3"}],"version-history":[{"count":2,"href":"https:\/\/sarves.com.br\/chamada\/wp-json\/wp\/v2\/pages\/3\/revisions"}],"predecessor-version":[{"id":1251,"href":"https:\/\/sarves.com.br\/chamada\/wp-json\/wp\/v2\/pages\/3\/revisions\/1251"}],"wp:attachment":[{"href":"https:\/\/sarves.com.br\/chamada\/wp-json\/wp\/v2\/media?parent=3"}],"curies":[{"name":"wp","href":"https:\/\/api.w.org\/{rel}","templated":true}]}}