{"id":2819,"date":"2024-05-20T13:54:58","date_gmt":"2024-05-20T13:54:58","guid":{"rendered":"https:\/\/sarves.com.br\/chamada\/?page_id=2819"},"modified":"2024-07-05T21:03:28","modified_gmt":"2024-07-05T21:03:28","slug":"cursos","status":"publish","type":"page","link":"https:\/\/sarves.com.br\/chamada\/cursos\/","title":{"rendered":"Cursos"},"content":{"rendered":"\t\t<div data-elementor-type=\"wp-page\" data-elementor-id=\"2819\" class=\"elementor elementor-2819\" data-elementor-post-type=\"page\">\n\t\t\t\t\t\t\t<div class=\"elementor-element elementor-element-b2851f5 e-flex e-con-boxed e-con e-parent\" data-id=\"b2851f5\" data-element_type=\"container\" data-settings=\"{&quot;content_width&quot;:&quot;boxed&quot;}\" data-core-v316-plus=\"true\">\n\t\t\t\t\t<div class=\"e-con-inner\">\n\t\t<div class=\"elementor-element elementor-element-9177bb4 e-con-full e-flex e-con e-child\" data-id=\"9177bb4\" data-element_type=\"container\" data-settings=\"{&quot;content_width&quot;:&quot;full&quot;}\">\n\t\t\t\t<div class=\"elementor-element elementor-element-e9b4112 elementor-widget elementor-widget-heading\" data-id=\"e9b4112\" data-element_type=\"widget\" data-widget_type=\"heading.default\">\n\t\t\t\t<div class=\"elementor-widget-container\">\n\t\t\t<style>\/*! elementor - v3.17.0 - 08-11-2023 *\/\n.elementor-heading-title{padding:0;margin:0;line-height:1}.elementor-widget-heading .elementor-heading-title[class*=elementor-size-]>a{color:inherit;font-size:inherit;line-height:inherit}.elementor-widget-heading .elementor-heading-title.elementor-size-small{font-size:15px}.elementor-widget-heading .elementor-heading-title.elementor-size-medium{font-size:19px}.elementor-widget-heading .elementor-heading-title.elementor-size-large{font-size:29px}.elementor-widget-heading .elementor-heading-title.elementor-size-xl{font-size:39px}.elementor-widget-heading .elementor-heading-title.elementor-size-xxl{font-size:59px}<\/style><h2 class=\"elementor-heading-title elementor-size-default\">Cursos<\/h2>\t\t<\/div>\n\t\t\t\t<\/div>\n\t\t\t\t<div class=\"elementor-element elementor-element-4566a93 elementor-widget elementor-widget-text-editor\" data-id=\"4566a93\" data-element_type=\"widget\" data-widget_type=\"text-editor.default\">\n\t\t\t\t<div class=\"elementor-widget-container\">\n\t\t\t<style>\/*! elementor - v3.17.0 - 08-11-2023 *\/\n.elementor-widget-text-editor.elementor-drop-cap-view-stacked .elementor-drop-cap{background-color:#69727d;color:#fff}.elementor-widget-text-editor.elementor-drop-cap-view-framed .elementor-drop-cap{color:#69727d;border:3px solid;background-color:transparent}.elementor-widget-text-editor:not(.elementor-drop-cap-view-default) .elementor-drop-cap{margin-top:8px}.elementor-widget-text-editor:not(.elementor-drop-cap-view-default) .elementor-drop-cap-letter{width:1em;height:1em}.elementor-widget-text-editor .elementor-drop-cap{float:left;text-align:center;line-height:1;font-size:50px}.elementor-widget-text-editor .elementor-drop-cap-letter{display:inline-block}<\/style>\t\t\t\t<p>Aprenda teologia com professores qualificados, no conforto de sua casa.<\/p>\t\t\t\t\t\t<\/div>\n\t\t\t\t<\/div>\n\t\t\t\t<\/div>\n\t\t\t\t\t<\/div>\n\t\t\t\t<\/div>\n\t\t<div class=\"elementor-element elementor-element-e312218 e-flex e-con-boxed e-con e-parent\" data-id=\"e312218\" data-element_type=\"container\" data-settings=\"{&quot;content_width&quot;:&quot;boxed&quot;}\" data-core-v316-plus=\"true\">\n\t\t\t\t\t<div class=\"e-con-inner\">\n\t\t\t\t<div class=\"elementor-element elementor-element-ffa73f0 elementor-posts--thumbnail-top elementor-grid-3 elementor-grid-tablet-2 elementor-grid-mobile-1 elementor-widget elementor-widget-posts\" data-id=\"ffa73f0\" data-element_type=\"widget\" data-settings=\"{&quot;custom_columns&quot;:&quot;3&quot;,&quot;custom_columns_tablet&quot;:&quot;2&quot;,&quot;custom_columns_mobile&quot;:&quot;1&quot;,&quot;custom_row_gap&quot;:{&quot;unit&quot;:&quot;px&quot;,&quot;size&quot;:35,&quot;sizes&quot;:[]},&quot;custom_row_gap_tablet&quot;:{&quot;unit&quot;:&quot;px&quot;,&quot;size&quot;:&quot;&quot;,&quot;sizes&quot;:[]},&quot;custom_row_gap_mobile&quot;:{&quot;unit&quot;:&quot;px&quot;,&quot;size&quot;:&quot;&quot;,&quot;sizes&quot;:[]}}\" data-widget_type=\"posts.custom\">\n\t\t\t\t<div class=\"elementor-widget-container\">\n\t\t\t<link rel=\"stylesheet\" href=\"https:\/\/sarves.com.br\/chamada\/wp-content\/plugins\/elementor-pro\/assets\/css\/widget-posts.min.css\">      <div class=\"ecs-posts elementor-posts-container elementor-posts   elementor-grid elementor-posts--skin-custom\" data-settings=\"{&quot;current_page&quot;:1,&quot;max_num_pages&quot;:1,&quot;load_method&quot;:&quot;&quot;,&quot;widget_id&quot;:&quot;ffa73f0&quot;,&quot;post_id&quot;:2819,&quot;theme_id&quot;:2819,&quot;change_url&quot;:false,&quot;reinit_js&quot;:false}\">\n      \t\t<article id=\"post-2890\" class=\"elementor-post elementor-grid-item ecs-post-loop post-2890 curso type-curso status-publish has-post-thumbnail hentry\">\n\t\t\t\t<div data-elementor-type=\"loop\" data-elementor-id=\"1125\" class=\"elementor elementor-1125 post-2890 curso type-curso status-publish has-post-thumbnail hentry ast-article-single\" data-elementor-post-type=\"elementor_library\">\n\t\t\t\t\t\t<div class=\"elementor-element elementor-element-1554d34 e-flex e-con-boxed e-con e-parent\" data-id=\"1554d34\" data-element_type=\"container\" data-settings=\"{&quot;content_width&quot;:&quot;boxed&quot;}\" data-core-v316-plus=\"true\">\n\t\t\t\t\t<div class=\"e-con-inner\">\n\t\t\t\t<div class=\"elementor-element elementor-element-1383734 elementor-widget elementor-widget-theme-post-featured-image elementor-widget-image\" data-id=\"1383734\" data-element_type=\"widget\" data-widget_type=\"theme-post-featured-image.default\">\n\t\t\t\t<div class=\"elementor-widget-container\">\n\t\t\t<style>\/*! elementor - v3.17.0 - 08-11-2023 *\/\n.elementor-widget-image{text-align:center}.elementor-widget-image a{display:inline-block}.elementor-widget-image a img[src$=\".svg\"]{width:48px}.elementor-widget-image img{vertical-align:middle;display:inline-block}<\/style>\t\t\t\t\t\t\t\t\t\t\t\t\t<a href=\"https:\/\/sarves.com.br\/chamada\/curso\/filipenses-contentamento-em-cristo\/\">\n\t\t\t\t\t\t\t<img fetchpriority=\"high\" decoding=\"async\" width=\"1024\" height=\"576\" src=\"https:\/\/sarves.com.br\/chamada\/wp-content\/uploads\/2024\/07\/capa_filipenses-1024x576.jpg\" class=\"attachment-large size-large wp-image-2891\" alt=\"\" srcset=\"https:\/\/sarves.com.br\/chamada\/wp-content\/uploads\/2024\/07\/capa_filipenses-1024x576.jpg 1024w, https:\/\/sarves.com.br\/chamada\/wp-content\/uploads\/2024\/07\/capa_filipenses-300x169.jpg 300w, https:\/\/sarves.com.br\/chamada\/wp-content\/uploads\/2024\/07\/capa_filipenses-768x432.jpg 768w, https:\/\/sarves.com.br\/chamada\/wp-content\/uploads\/2024\/07\/capa_filipenses.jpg 1280w\" sizes=\"(max-width: 1024px) 100vw, 1024px\" \/>\t\t\t\t\t\t\t\t<\/a>\n\t\t\t\t\t\t\t\t\t\t\t\t\t\t\t<\/div>\n\t\t\t\t<\/div>\n\t\t\t\t<div class=\"elementor-element elementor-element-0ba355d elementor-widget elementor-widget-text-editor\" data-id=\"0ba355d\" data-element_type=\"widget\" data-widget_type=\"text-editor.default\">\n\t\t\t\t<div class=\"elementor-widget-container\">\n\t\t\t\t\t\t\tDura\u00e7\u00e3o: 9h20min\t\t\t\t\t\t<\/div>\n\t\t\t\t<\/div>\n\t\t\t\t<div class=\"elementor-element elementor-element-fa25287 elementor-widget elementor-widget-theme-post-title elementor-page-title elementor-widget-heading\" data-id=\"fa25287\" data-element_type=\"widget\" data-widget_type=\"theme-post-title.default\">\n\t\t\t\t<div class=\"elementor-widget-container\">\n\t\t\t<h3 class=\"elementor-heading-title elementor-size-default\"><a href=\"https:\/\/sarves.com.br\/chamada\/curso\/filipenses-contentamento-em-cristo\/\">Filipenses &#8211; Contentamento em Cristo<\/a><\/h3>\t\t<\/div>\n\t\t\t\t<\/div>\n\t\t\t\t<div class=\"elementor-element elementor-element-18fe032 elementor-widget elementor-widget-text-editor\" data-id=\"18fe032\" data-element_type=\"widget\" data-widget_type=\"text-editor.default\">\n\t\t\t\t<div class=\"elementor-widget-container\">\n\t\t\t\t\t\t\tDaniel Lima\t\t\t\t\t\t<\/div>\n\t\t\t\t<\/div>\n\t\t\t\t<div class=\"elementor-element elementor-element-dd62a30 elementor-widget elementor-widget-text-editor\" data-id=\"dd62a30\" data-element_type=\"widget\" data-widget_type=\"text-editor.default\">\n\t\t\t\t<div class=\"elementor-widget-container\">\n\t\t\t\t\t\t\tEste curso estuda a carta do ap\u00f3stolo Paulo escrita aos crist\u00e3os de Filipos. Com o prop\u00f3sito de apresentar o contentamento em Cristo, nesta carta Paulo trata da unidade crist\u00e3, da obra de Cristo, de alertas doutrin\u00e1rios e busca encorajar os leitores a terem uma vida crist\u00e3 digna.\t\t\t\t\t\t<\/div>\n\t\t\t\t<\/div>\n\t\t\t\t\t<\/div>\n\t\t\t\t<\/div>\n\t\t\t\t\t\t<\/div>\n\t\t\t\t<\/article>\n\t\t\t\t<article id=\"post-988\" class=\"elementor-post elementor-grid-item ecs-post-loop post-988 curso type-curso status-publish has-post-thumbnail hentry\">\n\t\t\t\t<div data-elementor-type=\"loop\" data-elementor-id=\"1125\" class=\"elementor elementor-1125 post-988 curso type-curso status-publish has-post-thumbnail hentry ast-article-single\" data-elementor-post-type=\"elementor_library\">\n\t\t\t\t\t\t<div class=\"elementor-element elementor-element-1554d34 e-flex e-con-boxed e-con e-parent\" data-id=\"1554d34\" data-element_type=\"container\" data-settings=\"{&quot;content_width&quot;:&quot;boxed&quot;}\" data-core-v316-plus=\"true\">\n\t\t\t\t\t<div class=\"e-con-inner\">\n\t\t\t\t<div class=\"elementor-element elementor-element-1383734 elementor-widget elementor-widget-theme-post-featured-image elementor-widget-image\" data-id=\"1383734\" data-element_type=\"widget\" data-widget_type=\"theme-post-featured-image.default\">\n\t\t\t\t<div class=\"elementor-widget-container\">\n\t\t\t\t\t\t\t\t\t\t\t\t\t\t\t\t<a href=\"https:\/\/sarves.com.br\/chamada\/curso\/a-vida-e-as-cartas-de-paulo-de-tarso\/\">\n\t\t\t\t\t\t\t<img decoding=\"async\" width=\"960\" height=\"540\" src=\"https:\/\/sarves.com.br\/chamada\/wp-content\/uploads\/2023\/12\/capa_paulo.jpg\" class=\"attachment-large size-large wp-image-989\" alt=\"\" srcset=\"https:\/\/sarves.com.br\/chamada\/wp-content\/uploads\/2023\/12\/capa_paulo.jpg 960w, https:\/\/sarves.com.br\/chamada\/wp-content\/uploads\/2023\/12\/capa_paulo-300x169.jpg 300w, https:\/\/sarves.com.br\/chamada\/wp-content\/uploads\/2023\/12\/capa_paulo-768x432.jpg 768w\" sizes=\"(max-width: 960px) 100vw, 960px\" \/>\t\t\t\t\t\t\t\t<\/a>\n\t\t\t\t\t\t\t\t\t\t\t\t\t\t\t<\/div>\n\t\t\t\t<\/div>\n\t\t\t\t<div class=\"elementor-element elementor-element-0ba355d elementor-widget elementor-widget-text-editor\" data-id=\"0ba355d\" data-element_type=\"widget\" data-widget_type=\"text-editor.default\">\n\t\t\t\t<div class=\"elementor-widget-container\">\n\t\t\t\t\t\t\tDura\u00e7\u00e3o: 6h41min\t\t\t\t\t\t<\/div>\n\t\t\t\t<\/div>\n\t\t\t\t<div class=\"elementor-element elementor-element-fa25287 elementor-widget elementor-widget-theme-post-title elementor-page-title elementor-widget-heading\" data-id=\"fa25287\" data-element_type=\"widget\" data-widget_type=\"theme-post-title.default\">\n\t\t\t\t<div class=\"elementor-widget-container\">\n\t\t\t<h3 class=\"elementor-heading-title elementor-size-default\"><a href=\"https:\/\/sarves.com.br\/chamada\/curso\/a-vida-e-as-cartas-de-paulo-de-tarso\/\">A Vida e as Cartas de Paulo de Tarso<\/a><\/h3>\t\t<\/div>\n\t\t\t\t<\/div>\n\t\t\t\t<div class=\"elementor-element elementor-element-18fe032 elementor-widget elementor-widget-text-editor\" data-id=\"18fe032\" data-element_type=\"widget\" data-widget_type=\"text-editor.default\">\n\t\t\t\t<div class=\"elementor-widget-container\">\n\t\t\t\t\t\t\tDaniel Lima\t\t\t\t\t\t<\/div>\n\t\t\t\t<\/div>\n\t\t\t\t<div class=\"elementor-element elementor-element-dd62a30 elementor-widget elementor-widget-text-editor\" data-id=\"dd62a30\" data-element_type=\"widget\" data-widget_type=\"text-editor.default\">\n\t\t\t\t<div class=\"elementor-widget-container\">\n\t\t\t\t\t\t\tEste curso acompanha a vida e o minist\u00e9rio do ap\u00f3stolo Paulo, apresentando cada uma de suas cartas no contexto e momento em que foram escritas.\t\t\t\t\t\t<\/div>\n\t\t\t\t<\/div>\n\t\t\t\t\t<\/div>\n\t\t\t\t<\/div>\n\t\t\t\t\t\t<\/div>\n\t\t\t\t<\/article>\n\t\t\t\t<article id=\"post-2886\" class=\"elementor-post elementor-grid-item ecs-post-loop post-2886 curso type-curso status-publish has-post-thumbnail hentry\">\n\t\t\t\t<div data-elementor-type=\"loop\" data-elementor-id=\"1125\" class=\"elementor elementor-1125 post-2886 curso type-curso status-publish has-post-thumbnail hentry ast-article-single\" data-elementor-post-type=\"elementor_library\">\n\t\t\t\t\t\t<div class=\"elementor-element elementor-element-1554d34 e-flex e-con-boxed e-con e-parent\" data-id=\"1554d34\" data-element_type=\"container\" data-settings=\"{&quot;content_width&quot;:&quot;boxed&quot;}\" data-core-v316-plus=\"true\">\n\t\t\t\t\t<div class=\"e-con-inner\">\n\t\t\t\t<div class=\"elementor-element elementor-element-1383734 elementor-widget elementor-widget-theme-post-featured-image elementor-widget-image\" data-id=\"1383734\" data-element_type=\"widget\" data-widget_type=\"theme-post-featured-image.default\">\n\t\t\t\t<div class=\"elementor-widget-container\">\n\t\t\t\t\t\t\t\t\t\t\t\t\t\t\t\t<a href=\"https:\/\/sarves.com.br\/chamada\/curso\/conviccoes-cristas-3-igreja-missao-e-a-volta-de-cristo\/\">\n\t\t\t\t\t\t\t<img decoding=\"async\" width=\"960\" height=\"540\" src=\"https:\/\/sarves.com.br\/chamada\/wp-content\/uploads\/2024\/07\/capa_cc3.jpg\" class=\"attachment-large size-large wp-image-2887\" alt=\"\" srcset=\"https:\/\/sarves.com.br\/chamada\/wp-content\/uploads\/2024\/07\/capa_cc3.jpg 960w, https:\/\/sarves.com.br\/chamada\/wp-content\/uploads\/2024\/07\/capa_cc3-300x169.jpg 300w, https:\/\/sarves.com.br\/chamada\/wp-content\/uploads\/2024\/07\/capa_cc3-768x432.jpg 768w\" sizes=\"(max-width: 960px) 100vw, 960px\" \/>\t\t\t\t\t\t\t\t<\/a>\n\t\t\t\t\t\t\t\t\t\t\t\t\t\t\t<\/div>\n\t\t\t\t<\/div>\n\t\t\t\t<div class=\"elementor-element elementor-element-0ba355d elementor-widget elementor-widget-text-editor\" data-id=\"0ba355d\" data-element_type=\"widget\" data-widget_type=\"text-editor.default\">\n\t\t\t\t<div class=\"elementor-widget-container\">\n\t\t\t\t\t\t\tDura\u00e7\u00e3o: 8h15min\t\t\t\t\t\t<\/div>\n\t\t\t\t<\/div>\n\t\t\t\t<div class=\"elementor-element elementor-element-fa25287 elementor-widget elementor-widget-theme-post-title elementor-page-title elementor-widget-heading\" data-id=\"fa25287\" data-element_type=\"widget\" data-widget_type=\"theme-post-title.default\">\n\t\t\t\t<div class=\"elementor-widget-container\">\n\t\t\t<h3 class=\"elementor-heading-title elementor-size-default\"><a href=\"https:\/\/sarves.com.br\/chamada\/curso\/conviccoes-cristas-3-igreja-missao-e-a-volta-de-cristo\/\">Convic\u00e7\u00f5es Crist\u00e3s 3 &#8211; Igreja, Miss\u00e3o e a Volta de Cristo<\/a><\/h3>\t\t<\/div>\n\t\t\t\t<\/div>\n\t\t\t\t<div class=\"elementor-element elementor-element-18fe032 elementor-widget elementor-widget-text-editor\" data-id=\"18fe032\" data-element_type=\"widget\" data-widget_type=\"text-editor.default\">\n\t\t\t\t<div class=\"elementor-widget-container\">\n\t\t\t\t\t\t\tDaniel Lima\t\t\t\t\t\t<\/div>\n\t\t\t\t<\/div>\n\t\t\t\t<div class=\"elementor-element elementor-element-dd62a30 elementor-widget elementor-widget-text-editor\" data-id=\"dd62a30\" data-element_type=\"widget\" data-widget_type=\"text-editor.default\">\n\t\t\t\t<div class=\"elementor-widget-container\">\n\t\t\t\t\t\t\tEste curso faz parte de uma s\u00e9rie de 3 cursos que visa apresentar as bases fundamentais da f\u00e9 crist\u00e3. Neste terceiro curso s\u00e3o abordados os temas Igreja, Miss\u00e3o e a Volta de Cristo.\t\t\t\t\t\t<\/div>\n\t\t\t\t<\/div>\n\t\t\t\t\t<\/div>\n\t\t\t\t<\/div>\n\t\t\t\t\t\t<\/div>\n\t\t\t\t<\/article>\n\t\t\t\t<article id=\"post-993\" class=\"elementor-post elementor-grid-item ecs-post-loop post-993 curso type-curso status-publish has-post-thumbnail hentry\">\n\t\t\t\t<div data-elementor-type=\"loop\" data-elementor-id=\"1125\" class=\"elementor elementor-1125 post-993 curso type-curso status-publish has-post-thumbnail hentry ast-article-single\" data-elementor-post-type=\"elementor_library\">\n\t\t\t\t\t\t<div class=\"elementor-element elementor-element-1554d34 e-flex e-con-boxed e-con e-parent\" data-id=\"1554d34\" data-element_type=\"container\" data-settings=\"{&quot;content_width&quot;:&quot;boxed&quot;}\" data-core-v316-plus=\"true\">\n\t\t\t\t\t<div class=\"e-con-inner\">\n\t\t\t\t<div class=\"elementor-element elementor-element-1383734 elementor-widget elementor-widget-theme-post-featured-image elementor-widget-image\" data-id=\"1383734\" data-element_type=\"widget\" data-widget_type=\"theme-post-featured-image.default\">\n\t\t\t\t<div class=\"elementor-widget-container\">\n\t\t\t\t\t\t\t\t\t\t\t\t\t\t\t\t<a href=\"https:\/\/sarves.com.br\/chamada\/curso\/conviccoes-cristas-2-o-homem-pecado-e-salvacao\/\">\n\t\t\t\t\t\t\t<img loading=\"lazy\" decoding=\"async\" width=\"960\" height=\"540\" src=\"https:\/\/sarves.com.br\/chamada\/wp-content\/uploads\/2023\/12\/capa_cc2.jpg\" class=\"attachment-large size-large wp-image-991\" alt=\"\" srcset=\"https:\/\/sarves.com.br\/chamada\/wp-content\/uploads\/2023\/12\/capa_cc2.jpg 960w, https:\/\/sarves.com.br\/chamada\/wp-content\/uploads\/2023\/12\/capa_cc2-300x169.jpg 300w, https:\/\/sarves.com.br\/chamada\/wp-content\/uploads\/2023\/12\/capa_cc2-768x432.jpg 768w\" sizes=\"(max-width: 960px) 100vw, 960px\" \/>\t\t\t\t\t\t\t\t<\/a>\n\t\t\t\t\t\t\t\t\t\t\t\t\t\t\t<\/div>\n\t\t\t\t<\/div>\n\t\t\t\t<div class=\"elementor-element elementor-element-0ba355d elementor-widget elementor-widget-text-editor\" data-id=\"0ba355d\" data-element_type=\"widget\" data-widget_type=\"text-editor.default\">\n\t\t\t\t<div class=\"elementor-widget-container\">\n\t\t\t\t\t\t\tDura\u00e7\u00e3o: 7h29min\t\t\t\t\t\t<\/div>\n\t\t\t\t<\/div>\n\t\t\t\t<div class=\"elementor-element elementor-element-fa25287 elementor-widget elementor-widget-theme-post-title elementor-page-title elementor-widget-heading\" data-id=\"fa25287\" data-element_type=\"widget\" data-widget_type=\"theme-post-title.default\">\n\t\t\t\t<div class=\"elementor-widget-container\">\n\t\t\t<h3 class=\"elementor-heading-title elementor-size-default\"><a href=\"https:\/\/sarves.com.br\/chamada\/curso\/conviccoes-cristas-2-o-homem-pecado-e-salvacao\/\">Convic\u00e7\u00f5es Crist\u00e3s 2 &#8211; O Homem, Pecado e Salva\u00e7\u00e3o<\/a><\/h3>\t\t<\/div>\n\t\t\t\t<\/div>\n\t\t\t\t<div class=\"elementor-element elementor-element-18fe032 elementor-widget elementor-widget-text-editor\" data-id=\"18fe032\" data-element_type=\"widget\" data-widget_type=\"text-editor.default\">\n\t\t\t\t<div class=\"elementor-widget-container\">\n\t\t\t\t\t\t\tDaniel Lima\t\t\t\t\t\t<\/div>\n\t\t\t\t<\/div>\n\t\t\t\t<div class=\"elementor-element elementor-element-dd62a30 elementor-widget elementor-widget-text-editor\" data-id=\"dd62a30\" data-element_type=\"widget\" data-widget_type=\"text-editor.default\">\n\t\t\t\t<div class=\"elementor-widget-container\">\n\t\t\t\t\t\t\tEste curso faz parte de uma s\u00e9rie de 3 cursos que visa apresentar as bases fundamentais da f\u00e9 crist\u00e3. Neste segundo curso s\u00e3o abordados os temas Cria\u00e7\u00e3o, Homem, Pecado e Salva\u00e7\u00e3o.\t\t\t\t\t\t<\/div>\n\t\t\t\t<\/div>\n\t\t\t\t\t<\/div>\n\t\t\t\t<\/div>\n\t\t\t\t\t\t<\/div>\n\t\t\t\t<\/article>\n\t\t\t\t<article id=\"post-992\" class=\"elementor-post elementor-grid-item ecs-post-loop post-992 curso type-curso status-publish has-post-thumbnail hentry\">\n\t\t\t\t<div data-elementor-type=\"loop\" data-elementor-id=\"1125\" class=\"elementor elementor-1125 post-992 curso type-curso status-publish has-post-thumbnail hentry ast-article-single\" data-elementor-post-type=\"elementor_library\">\n\t\t\t\t\t\t<div class=\"elementor-element elementor-element-1554d34 e-flex e-con-boxed e-con e-parent\" data-id=\"1554d34\" data-element_type=\"container\" data-settings=\"{&quot;content_width&quot;:&quot;boxed&quot;}\" data-core-v316-plus=\"true\">\n\t\t\t\t\t<div class=\"e-con-inner\">\n\t\t\t\t<div class=\"elementor-element elementor-element-1383734 elementor-widget elementor-widget-theme-post-featured-image elementor-widget-image\" data-id=\"1383734\" data-element_type=\"widget\" data-widget_type=\"theme-post-featured-image.default\">\n\t\t\t\t<div class=\"elementor-widget-container\">\n\t\t\t\t\t\t\t\t\t\t\t\t\t\t\t\t<a href=\"https:\/\/sarves.com.br\/chamada\/curso\/conviccoes-cristas-1-deus-sua-palavra-e-satanas\/\">\n\t\t\t\t\t\t\t<img loading=\"lazy\" decoding=\"async\" width=\"960\" height=\"540\" src=\"https:\/\/sarves.com.br\/chamada\/wp-content\/uploads\/2023\/12\/capa_cc1.jpg\" class=\"attachment-large size-large wp-image-990\" alt=\"\" srcset=\"https:\/\/sarves.com.br\/chamada\/wp-content\/uploads\/2023\/12\/capa_cc1.jpg 960w, https:\/\/sarves.com.br\/chamada\/wp-content\/uploads\/2023\/12\/capa_cc1-300x169.jpg 300w, https:\/\/sarves.com.br\/chamada\/wp-content\/uploads\/2023\/12\/capa_cc1-768x432.jpg 768w\" sizes=\"(max-width: 960px) 100vw, 960px\" \/>\t\t\t\t\t\t\t\t<\/a>\n\t\t\t\t\t\t\t\t\t\t\t\t\t\t\t<\/div>\n\t\t\t\t<\/div>\n\t\t\t\t<div class=\"elementor-element elementor-element-0ba355d elementor-widget elementor-widget-text-editor\" data-id=\"0ba355d\" data-element_type=\"widget\" data-widget_type=\"text-editor.default\">\n\t\t\t\t<div class=\"elementor-widget-container\">\n\t\t\t\t\t\t\tDura\u00e7\u00e3o: 6h46min\t\t\t\t\t\t<\/div>\n\t\t\t\t<\/div>\n\t\t\t\t<div class=\"elementor-element elementor-element-fa25287 elementor-widget elementor-widget-theme-post-title elementor-page-title elementor-widget-heading\" data-id=\"fa25287\" data-element_type=\"widget\" data-widget_type=\"theme-post-title.default\">\n\t\t\t\t<div class=\"elementor-widget-container\">\n\t\t\t<h3 class=\"elementor-heading-title elementor-size-default\"><a href=\"https:\/\/sarves.com.br\/chamada\/curso\/conviccoes-cristas-1-deus-sua-palavra-e-satanas\/\">Convic\u00e7\u00f5es Crist\u00e3s 1 &#8211; Deus, Sua Palavra e Satan\u00e1s<\/a><\/h3>\t\t<\/div>\n\t\t\t\t<\/div>\n\t\t\t\t<div class=\"elementor-element elementor-element-18fe032 elementor-widget elementor-widget-text-editor\" data-id=\"18fe032\" data-element_type=\"widget\" data-widget_type=\"text-editor.default\">\n\t\t\t\t<div class=\"elementor-widget-container\">\n\t\t\t\t\t\t\tDaniel Lima\t\t\t\t\t\t<\/div>\n\t\t\t\t<\/div>\n\t\t\t\t<div class=\"elementor-element elementor-element-dd62a30 elementor-widget elementor-widget-text-editor\" data-id=\"dd62a30\" data-element_type=\"widget\" data-widget_type=\"text-editor.default\">\n\t\t\t\t<div class=\"elementor-widget-container\">\n\t\t\t\t\t\t\tEste curso faz parte de uma s\u00e9rie de 3 cursos que visa apresentar as bases fundamentais da f\u00e9 crist\u00e3. Neste primeiro curso s\u00e3o abordados os temas B\u00edblia, Deus, Trindade, Cria\u00e7\u00e3o, Cristo, Esp\u00edrito Santo, Anjos, Satan\u00e1s e Dem\u00f4nios.\t\t\t\t\t\t<\/div>\n\t\t\t\t<\/div>\n\t\t\t\t\t<\/div>\n\t\t\t\t<\/div>\n\t\t\t\t\t\t<\/div>\n\t\t\t\t<\/article>\n\t\t\t\t<\/div>\n\t\t\t\t<\/div>\n\t\t\t\t<\/div>\n\t\t\t\t\t<\/div>\n\t\t\t\t<\/div>\n\t\t\t\t\t\t\t<\/div>\n\t\t","protected":false},"excerpt":{"rendered":"<p>Cursos Aprenda teologia com professores qualificados, no conforto de sua casa.<\/p>\n","protected":false},"author":1,"featured_media":0,"parent":0,"menu_order":0,"comment_status":"closed","ping_status":"closed","template":"","meta":{"inline_featured_image":false,"site-sidebar-layout":"no-sidebar","site-content-layout":"page-builder","ast-site-content-layout":"full-width-container","site-content-style":"default","site-sidebar-style":"default","ast-global-header-display":"","ast-banner-title-visibility":"","ast-main-header-display":"","ast-hfb-above-header-display":"","ast-hfb-below-header-display":"","ast-hfb-mobile-header-display":"","site-post-title":"disabled","ast-breadcrumbs-content":"","ast-featured-img":"disabled","footer-sml-layout":"","theme-transparent-header-meta":"","adv-header-id-meta":"","stick-header-meta":"","header-above-stick-meta":"","header-main-stick-meta":"","header-below-stick-meta":"","astra-migrate-meta-layouts":"set","ast-page-background-enabled":"default","ast-page-background-meta":{"desktop":{"background-color":"","background-image":"","background-repeat":"repeat","background-position":"center center","background-size":"auto","background-attachment":"scroll","background-type":"","background-media":"","overlay-type":"","overlay-color":"","overlay-gradient":""},"tablet":{"background-color":"","background-image":"","background-repeat":"repeat","background-position":"center center","background-size":"auto","background-attachment":"scroll","background-type":"","background-media":"","overlay-type":"","overlay-color":"","overlay-gradient":""},"mobile":{"background-color":"","background-image":"","background-repeat":"repeat","background-position":"center center","background-size":"auto","background-attachment":"scroll","background-type":"","background-media":"","overlay-type":"","overlay-color":"","overlay-gradient":""}},"ast-content-background-meta":{"desktop":{"background-color":"var(--ast-global-color-5)","background-image":"","background-repeat":"repeat","background-position":"center center","background-size":"auto","background-attachment":"scroll","background-type":"","background-media":"","overlay-type":"","overlay-color":"","overlay-gradient":""},"tablet":{"background-color":"var(--ast-global-color-5)","background-image":"","background-repeat":"repeat","background-position":"center center","background-size":"auto","background-attachment":"scroll","background-type":"","background-media":"","overlay-type":"","overlay-color":"","overlay-gradient":""},"mobile":{"background-color":"var(--ast-global-color-5)","background-image":"","background-repeat":"repeat","background-position":"center center","background-size":"auto","background-attachment":"scroll","background-type":"","background-media":"","overlay-type":"","overlay-color":"","overlay-gradient":""}},"footnotes":""},"acf":[],"_links":{"self":[{"href":"https:\/\/sarves.com.br\/chamada\/wp-json\/wp\/v2\/pages\/2819"}],"collection":[{"href":"https:\/\/sarves.com.br\/chamada\/wp-json\/wp\/v2\/pages"}],"about":[{"href":"https:\/\/sarves.com.br\/chamada\/wp-json\/wp\/v2\/types\/page"}],"author":[{"embeddable":true,"href":"https:\/\/sarves.com.br\/chamada\/wp-json\/wp\/v2\/users\/1"}],"replies":[{"embeddable":true,"href":"https:\/\/sarves.com.br\/chamada\/wp-json\/wp\/v2\/comments?post=2819"}],"version-history":[{"count":10,"href":"https:\/\/sarves.com.br\/chamada\/wp-json\/wp\/v2\/pages\/2819\/revisions"}],"predecessor-version":[{"id":2895,"href":"https:\/\/sarves.com.br\/chamada\/wp-json\/wp\/v2\/pages\/2819\/revisions\/2895"}],"wp:attachment":[{"href":"https:\/\/sarves.com.br\/chamada\/wp-json\/wp\/v2\/media?parent=2819"}],"curies":[{"name":"wp","href":"https:\/\/api.w.org\/{rel}","templated":true}]}}