{"id":2040,"date":"2024-04-16T18:00:09","date_gmt":"2024-04-16T18:00:09","guid":{"rendered":"https:\/\/sarves.com.br\/chamada\/?page_id=2040"},"modified":"2024-11-11T17:10:12","modified_gmt":"2024-11-11T17:10:12","slug":"eventos","status":"publish","type":"page","link":"https:\/\/sarves.com.br\/chamada\/eventos\/","title":{"rendered":"Eventos"},"content":{"rendered":"\t\t<div data-elementor-type=\"wp-page\" data-elementor-id=\"2040\" class=\"elementor elementor-2040\" data-elementor-post-type=\"page\">\n\t\t\t\t\t\t\t<div class=\"elementor-element elementor-element-b2851f5 e-flex e-con-boxed e-con e-parent\" data-id=\"b2851f5\" data-element_type=\"container\" data-settings=\"{&quot;content_width&quot;:&quot;boxed&quot;}\" data-core-v316-plus=\"true\">\n\t\t\t\t\t<div class=\"e-con-inner\">\n\t\t<div class=\"elementor-element elementor-element-9177bb4 e-con-full e-flex e-con e-child\" data-id=\"9177bb4\" data-element_type=\"container\" data-settings=\"{&quot;content_width&quot;:&quot;full&quot;}\">\n\t\t\t\t<div class=\"elementor-element elementor-element-e9b4112 elementor-widget elementor-widget-heading\" data-id=\"e9b4112\" data-element_type=\"widget\" data-widget_type=\"heading.default\">\n\t\t\t\t<div class=\"elementor-widget-container\">\n\t\t\t<style>\/*! elementor - v3.17.0 - 08-11-2023 *\/\n.elementor-heading-title{padding:0;margin:0;line-height:1}.elementor-widget-heading .elementor-heading-title[class*=elementor-size-]>a{color:inherit;font-size:inherit;line-height:inherit}.elementor-widget-heading .elementor-heading-title.elementor-size-small{font-size:15px}.elementor-widget-heading .elementor-heading-title.elementor-size-medium{font-size:19px}.elementor-widget-heading .elementor-heading-title.elementor-size-large{font-size:29px}.elementor-widget-heading .elementor-heading-title.elementor-size-xl{font-size:39px}.elementor-widget-heading .elementor-heading-title.elementor-size-xxl{font-size:59px}<\/style><h2 class=\"elementor-heading-title elementor-size-default\">Eventos<\/h2>\t\t<\/div>\n\t\t\t\t<\/div>\n\t\t\t\t<div class=\"elementor-element elementor-element-4566a93 elementor-widget elementor-widget-text-editor\" data-id=\"4566a93\" data-element_type=\"widget\" data-widget_type=\"text-editor.default\">\n\t\t\t\t<div class=\"elementor-widget-container\">\n\t\t\t<style>\/*! elementor - v3.17.0 - 08-11-2023 *\/\n.elementor-widget-text-editor.elementor-drop-cap-view-stacked .elementor-drop-cap{background-color:#69727d;color:#fff}.elementor-widget-text-editor.elementor-drop-cap-view-framed .elementor-drop-cap{color:#69727d;border:3px solid;background-color:transparent}.elementor-widget-text-editor:not(.elementor-drop-cap-view-default) .elementor-drop-cap{margin-top:8px}.elementor-widget-text-editor:not(.elementor-drop-cap-view-default) .elementor-drop-cap-letter{width:1em;height:1em}.elementor-widget-text-editor .elementor-drop-cap{float:left;text-align:center;line-height:1;font-size:50px}.elementor-widget-text-editor .elementor-drop-cap-letter{display:inline-block}<\/style>\t\t\t\t<p>Saiba aqui sobre nossos congressos, participa\u00e7\u00f5es em feiras e outras atividades especiais.<\/p>\t\t\t\t\t\t<\/div>\n\t\t\t\t<\/div>\n\t\t\t\t<\/div>\n\t\t\t\t\t<\/div>\n\t\t\t\t<\/div>\n\t\t<div class=\"elementor-element elementor-element-a8c3863 e-flex e-con-boxed e-con e-parent\" data-id=\"a8c3863\" data-element_type=\"container\" data-settings=\"{&quot;content_width&quot;:&quot;boxed&quot;}\" data-core-v316-plus=\"true\">\n\t\t\t\t\t<div class=\"e-con-inner\">\n\t\t<div class=\"elementor-element elementor-element-20eb49f e-con-full e-flex e-con e-child\" data-id=\"20eb49f\" data-element_type=\"container\" data-settings=\"{&quot;content_width&quot;:&quot;full&quot;}\">\n\t\t<div class=\"elementor-element elementor-element-e8a68ac e-flex e-con-boxed e-con e-child\" data-id=\"e8a68ac\" data-element_type=\"container\" data-settings=\"{&quot;content_width&quot;:&quot;boxed&quot;}\">\n\t\t\t\t\t<div class=\"e-con-inner\">\n\t\t\t\t<div class=\"elementor-element elementor-element-aec646c elementor-widget elementor-widget-image\" data-id=\"aec646c\" data-element_type=\"widget\" data-widget_type=\"image.default\">\n\t\t\t\t<div class=\"elementor-widget-container\">\n\t\t\t<style>\/*! elementor - v3.17.0 - 08-11-2023 *\/\n.elementor-widget-image{text-align:center}.elementor-widget-image a{display:inline-block}.elementor-widget-image a img[src$=\".svg\"]{width:48px}.elementor-widget-image img{vertical-align:middle;display:inline-block}<\/style>\t\t\t\t\t\t\t\t\t\t\t\t\t<a href=\"https:\/\/www.congressochamada2025.com\" target=\"_blank\">\n\t\t\t\t\t\t\t<img fetchpriority=\"high\" decoding=\"async\" width=\"1024\" height=\"560\" src=\"https:\/\/sarves.com.br\/chamada\/wp-content\/uploads\/2024\/11\/congresso2025-logo-1480x809px-1024x560.jpg\" class=\"attachment-large size-large wp-image-3752\" alt=\"\" srcset=\"https:\/\/sarves.com.br\/chamada\/wp-content\/uploads\/2024\/11\/congresso2025-logo-1480x809px-1024x560.jpg 1024w, https:\/\/sarves.com.br\/chamada\/wp-content\/uploads\/2024\/11\/congresso2025-logo-1480x809px-300x164.jpg 300w, https:\/\/sarves.com.br\/chamada\/wp-content\/uploads\/2024\/11\/congresso2025-logo-1480x809px-768x420.jpg 768w, https:\/\/sarves.com.br\/chamada\/wp-content\/uploads\/2024\/11\/congresso2025-logo-1480x809px.jpg 1480w\" sizes=\"(max-width: 1024px) 100vw, 1024px\" \/>\t\t\t\t\t\t\t\t<\/a>\n\t\t\t\t\t\t\t\t\t\t\t\t\t\t\t<\/div>\n\t\t\t\t<\/div>\n\t\t\t\t<div class=\"elementor-element elementor-element-216d82c elementor-widget elementor-widget-heading\" data-id=\"216d82c\" data-element_type=\"widget\" data-widget_type=\"heading.default\">\n\t\t\t\t<div class=\"elementor-widget-container\">\n\t\t\t<h2 class=\"elementor-heading-title elementor-size-default\"><a href=\"https:\/\/www.chamada.com.br\/eventos\/congresso25.html\" target=\"_blank\">26\u00ba Congresso Internacional Sobre a Palavra Prof\u00e9tica<\/a><\/h2>\t\t<\/div>\n\t\t\t\t<\/div>\n\t\t\t\t<div class=\"elementor-element elementor-element-84ab081 elementor-widget elementor-widget-text-editor\" data-id=\"84ab081\" data-element_type=\"widget\" data-widget_type=\"text-editor.default\">\n\t\t\t\t<div class=\"elementor-widget-container\">\n\t\t\t\t\t\t\t<p class=\"card-text\">Hotel Monte Real | \u00c1guas de Lind\u00f3ia\/SP | 22 a 25 de outubro de 2025<\/p>\t\t\t\t\t\t<\/div>\n\t\t\t\t<\/div>\n\t\t\t\t\t<\/div>\n\t\t\t\t<\/div>\n\t\t\t\t<div class=\"elementor-element elementor-element-6a88d99 elementor-align-left elementor-widget elementor-widget-button\" data-id=\"6a88d99\" data-element_type=\"widget\" data-widget_type=\"button.default\">\n\t\t\t\t<div class=\"elementor-widget-container\">\n\t\t\t\t\t<div class=\"elementor-button-wrapper\">\n\t\t\t<a class=\"elementor-button elementor-button-link elementor-size-sm\" href=\"https:\/\/www.congressochamada2025.com\" target=\"_blank\">\n\t\t\t\t\t\t<span class=\"elementor-button-content-wrapper\">\n\t\t\t\t\t\t<span class=\"elementor-button-text\">Inscri\u00e7\u00f5es abertas<\/span>\n\t\t<\/span>\n\t\t\t\t\t<\/a>\n\t\t<\/div>\n\t\t\t\t<\/div>\n\t\t\t\t<\/div>\n\t\t\t\t<\/div>\n\t\t<div class=\"elementor-element elementor-element-6d9bd70 e-con-full e-flex e-con e-child\" data-id=\"6d9bd70\" data-element_type=\"container\" data-settings=\"{&quot;content_width&quot;:&quot;full&quot;}\">\n\t\t<div class=\"elementor-element elementor-element-935e852 e-flex e-con-boxed e-con e-child\" data-id=\"935e852\" data-element_type=\"container\" data-settings=\"{&quot;content_width&quot;:&quot;boxed&quot;}\">\n\t\t\t\t\t<div class=\"e-con-inner\">\n\t\t\t\t<div class=\"elementor-element elementor-element-fe409e0 elementor-widget elementor-widget-image\" data-id=\"fe409e0\" data-element_type=\"widget\" data-widget_type=\"image.default\">\n\t\t\t\t<div class=\"elementor-widget-container\">\n\t\t\t\t\t\t\t\t\t\t\t\t\t\t\t\t<a href=\"https:\/\/www.chamada.com.br\/eventos\/viagem_a_israel.html\" target=\"_blank\">\n\t\t\t\t\t\t\t<img decoding=\"async\" width=\"640\" height=\"350\" src=\"https:\/\/sarves.com.br\/chamada\/wp-content\/uploads\/2024\/04\/Viagem-Israel-2023-Thumbnail.47d67fea94a2ab70ff16c1f04957571123.jpg\" class=\"attachment-large size-large wp-image-2043\" alt=\"\" srcset=\"https:\/\/sarves.com.br\/chamada\/wp-content\/uploads\/2024\/04\/Viagem-Israel-2023-Thumbnail.47d67fea94a2ab70ff16c1f04957571123.jpg 640w, https:\/\/sarves.com.br\/chamada\/wp-content\/uploads\/2024\/04\/Viagem-Israel-2023-Thumbnail.47d67fea94a2ab70ff16c1f04957571123-300x164.jpg 300w\" sizes=\"(max-width: 640px) 100vw, 640px\" \/>\t\t\t\t\t\t\t\t<\/a>\n\t\t\t\t\t\t\t\t\t\t\t\t\t\t\t<\/div>\n\t\t\t\t<\/div>\n\t\t\t\t<div class=\"elementor-element elementor-element-c6cd635 elementor-widget elementor-widget-heading\" data-id=\"c6cd635\" data-element_type=\"widget\" data-widget_type=\"heading.default\">\n\t\t\t\t<div class=\"elementor-widget-container\">\n\t\t\t<h2 class=\"elementor-heading-title elementor-size-default\"><a href=\"https:\/\/www.chamada.com.br\/eventos\/viagem_a_israel.html\" target=\"_blank\">Viagem a Israel<\/a><\/h2>\t\t<\/div>\n\t\t\t\t<\/div>\n\t\t\t\t<div class=\"elementor-element elementor-element-73ce389 elementor-widget elementor-widget-text-editor\" data-id=\"73ce389\" data-element_type=\"widget\" data-widget_type=\"text-editor.default\">\n\t\t\t\t<div class=\"elementor-widget-container\">\n\t\t\t\t\t\t\t<p class=\"card-text\">22\/05 a 15\/06 &#8211; Para 2023 preparamos mais uma maravilhosa viagem a Israel incluindo Gr\u00e9cia\/Turquia (com Capad\u00f3cia).<\/p>\t\t\t\t\t\t<\/div>\n\t\t\t\t<\/div>\n\t\t\t\t\t<\/div>\n\t\t\t\t<\/div>\n\t\t\t\t<div class=\"elementor-element elementor-element-a4ef462 elementor-align-left elementor-widget elementor-widget-button\" data-id=\"a4ef462\" data-element_type=\"widget\" data-widget_type=\"button.default\">\n\t\t\t\t<div class=\"elementor-widget-container\">\n\t\t\t\t\t<div class=\"elementor-button-wrapper\">\n\t\t\t<a class=\"elementor-button elementor-button-link elementor-size-sm\" href=\"https:\/\/www.chamada.com.br\/eventos\/viagem_a_israel.html\" target=\"_blank\">\n\t\t\t\t\t\t<span class=\"elementor-button-content-wrapper\">\n\t\t\t\t\t\t<span class=\"elementor-button-text\">Evento Encerrado<\/span>\n\t\t<\/span>\n\t\t\t\t\t<\/a>\n\t\t<\/div>\n\t\t\t\t<\/div>\n\t\t\t\t<\/div>\n\t\t\t\t<\/div>\n\t\t<div class=\"elementor-element elementor-element-cad7603 e-con-full e-flex e-con e-child\" data-id=\"cad7603\" data-element_type=\"container\" data-settings=\"{&quot;content_width&quot;:&quot;full&quot;}\">\n\t\t<div class=\"elementor-element elementor-element-03a282d e-flex e-con-boxed e-con e-child\" data-id=\"03a282d\" data-element_type=\"container\" data-settings=\"{&quot;content_width&quot;:&quot;boxed&quot;}\">\n\t\t\t\t\t<div class=\"e-con-inner\">\n\t\t\t\t<div class=\"elementor-element elementor-element-faa8a66 elementor-widget elementor-widget-image\" data-id=\"faa8a66\" data-element_type=\"widget\" data-widget_type=\"image.default\">\n\t\t\t\t<div class=\"elementor-widget-container\">\n\t\t\t\t\t\t\t\t\t\t\t\t\t\t\t\t<a href=\"https:\/\/www.chamada.com.br\/eventos\/viagem_a_europa_2023.html\" target=\"_blank\">\n\t\t\t\t\t\t\t<img decoding=\"async\" width=\"640\" height=\"350\" src=\"https:\/\/sarves.com.br\/chamada\/wp-content\/uploads\/2024\/04\/viagem_europa_thumbnail-min.47d67fea94a2ab70ff16c1f04957571123.jpg\" class=\"attachment-large size-large wp-image-2044\" alt=\"\" srcset=\"https:\/\/sarves.com.br\/chamada\/wp-content\/uploads\/2024\/04\/viagem_europa_thumbnail-min.47d67fea94a2ab70ff16c1f04957571123.jpg 640w, https:\/\/sarves.com.br\/chamada\/wp-content\/uploads\/2024\/04\/viagem_europa_thumbnail-min.47d67fea94a2ab70ff16c1f04957571123-300x164.jpg 300w\" sizes=\"(max-width: 640px) 100vw, 640px\" \/>\t\t\t\t\t\t\t\t<\/a>\n\t\t\t\t\t\t\t\t\t\t\t\t\t\t\t<\/div>\n\t\t\t\t<\/div>\n\t\t\t\t<div class=\"elementor-element elementor-element-95a6fed elementor-widget elementor-widget-heading\" data-id=\"95a6fed\" data-element_type=\"widget\" data-widget_type=\"heading.default\">\n\t\t\t\t<div class=\"elementor-widget-container\">\n\t\t\t<h2 class=\"elementor-heading-title elementor-size-default\"><a href=\"https:\/\/www.chamada.com.br\/eventos\/viagem_a_europa_2023.html\" target=\"_blank\">Viagem \u00e0 Europa 2024<\/a><\/h2>\t\t<\/div>\n\t\t\t\t<\/div>\n\t\t\t\t<div class=\"elementor-element elementor-element-eaeef10 elementor-widget elementor-widget-text-editor\" data-id=\"eaeef10\" data-element_type=\"widget\" data-widget_type=\"text-editor.default\">\n\t\t\t\t<div class=\"elementor-widget-container\">\n\t\t\t\t\t\t\t<p class=\"card-text\">07\/06 a 22\/06 &#8211; Preparamos um roteiro rico em hist\u00f3ria, cultura e oportunidades de aprofundar seu conhecimento e relacionamento com Deus.<\/p>\t\t\t\t\t\t<\/div>\n\t\t\t\t<\/div>\n\t\t\t\t\t<\/div>\n\t\t\t\t<\/div>\n\t\t\t\t<div class=\"elementor-element elementor-element-e9ec0fd elementor-align-left elementor-widget elementor-widget-button\" data-id=\"e9ec0fd\" data-element_type=\"widget\" data-widget_type=\"button.default\">\n\t\t\t\t<div class=\"elementor-widget-container\">\n\t\t\t\t\t<div class=\"elementor-button-wrapper\">\n\t\t\t<a class=\"elementor-button elementor-button-link elementor-size-sm\" href=\"https:\/\/www.chamada.com.br\/eventos\/viagem_a_israel.html\" target=\"_blank\">\n\t\t\t\t\t\t<span class=\"elementor-button-content-wrapper\">\n\t\t\t\t\t\t<span class=\"elementor-button-text\">Evento Encerrado<\/span>\n\t\t<\/span>\n\t\t\t\t\t<\/a>\n\t\t<\/div>\n\t\t\t\t<\/div>\n\t\t\t\t<\/div>\n\t\t\t\t<\/div>\n\t\t\t\t\t<\/div>\n\t\t\t\t<\/div>\n\t\t<div class=\"elementor-element elementor-element-cb5761d e-flex e-con-boxed e-con e-parent\" data-id=\"cb5761d\" data-element_type=\"container\" data-settings=\"{&quot;content_width&quot;:&quot;boxed&quot;}\" data-core-v316-plus=\"true\">\n\t\t\t\t\t<div class=\"e-con-inner\">\n\t\t\t\t<div class=\"elementor-element elementor-element-4ce2499 elementor-align-center elementor-widget elementor-widget-button\" data-id=\"4ce2499\" data-element_type=\"widget\" data-widget_type=\"button.default\">\n\t\t\t\t<div class=\"elementor-widget-container\">\n\t\t\t\t\t<div class=\"elementor-button-wrapper\">\n\t\t\t<a class=\"elementor-button elementor-button-link elementor-size-md\" href=\"https:\/\/docs.google.com\/forms\/d\/e\/1FAIpQLSe2XJhLQpIgtmbGlnnRH5JxW759FshbDz3ARa4fjNokZq8Ryg\/viewform?usp=sf_link\" target=\"_blank\">\n\t\t\t\t\t\t<span class=\"elementor-button-content-wrapper\">\n\t\t\t\t\t\t<span class=\"elementor-button-icon elementor-align-icon-left\">\n\t\t\t\t<i aria-hidden=\"true\" class=\"fas fa-bell\"><\/i>\t\t\t<\/span>\n\t\t\t\t\t\t<span class=\"elementor-button-text\">quero ser avisado quando houver novos eventos (congressos e\/ou viagens)<\/span>\n\t\t<\/span>\n\t\t\t\t\t<\/a>\n\t\t<\/div>\n\t\t\t\t<\/div>\n\t\t\t\t<\/div>\n\t\t\t\t\t<\/div>\n\t\t\t\t<\/div>\n\t\t\t\t\t\t\t<\/div>\n\t\t","protected":false},"excerpt":{"rendered":"<p>Eventos Saiba aqui sobre nossos congressos, participa\u00e7\u00f5es em feiras e outras atividades especiais. 26\u00ba Congresso Internacional Sobre a Palavra Prof\u00e9tica Hotel Monte Real | \u00c1guas de Lind\u00f3ia\/SP | 22 a 25 de outubro de 2025 Inscri\u00e7\u00f5es abertas Viagem a Israel 22\/05 a 15\/06 &#8211; Para 2023 preparamos mais uma maravilhosa viagem a Israel incluindo Gr\u00e9cia\/Turquia &hellip;<\/p>\n<p class=\"read-more\"> <a class=\"\" href=\"https:\/\/sarves.com.br\/chamada\/eventos\/\"> <span class=\"screen-reader-text\">Eventos<\/span> Leia mais &raquo;<\/a><\/p>\n","protected":false},"author":1,"featured_media":0,"parent":0,"menu_order":0,"comment_status":"closed","ping_status":"closed","template":"","meta":{"inline_featured_image":false,"site-sidebar-layout":"no-sidebar","site-content-layout":"page-builder","ast-site-content-layout":"full-width-container","site-content-style":"default","site-sidebar-style":"default","ast-global-header-display":"","ast-banner-title-visibility":"","ast-main-header-display":"","ast-hfb-above-header-display":"","ast-hfb-below-header-display":"","ast-hfb-mobile-header-display":"","site-post-title":"disabled","ast-breadcrumbs-content":"","ast-featured-img":"disabled","footer-sml-layout":"","theme-transparent-header-meta":"","adv-header-id-meta":"","stick-header-meta":"","header-above-stick-meta":"","header-main-stick-meta":"","header-below-stick-meta":"","astra-migrate-meta-layouts":"set","ast-page-background-enabled":"default","ast-page-background-meta":{"desktop":{"background-color":"","background-image":"","background-repeat":"repeat","background-position":"center center","background-size":"auto","background-attachment":"scroll","background-type":"","background-media":"","overlay-type":"","overlay-color":"","overlay-gradient":""},"tablet":{"background-color":"","background-image":"","background-repeat":"repeat","background-position":"center center","background-size":"auto","background-attachment":"scroll","background-type":"","background-media":"","overlay-type":"","overlay-color":"","overlay-gradient":""},"mobile":{"background-color":"","background-image":"","background-repeat":"repeat","background-position":"center center","background-size":"auto","background-attachment":"scroll","background-type":"","background-media":"","overlay-type":"","overlay-color":"","overlay-gradient":""}},"ast-content-background-meta":{"desktop":{"background-color":"var(--ast-global-color-5)","background-image":"","background-repeat":"repeat","background-position":"center center","background-size":"auto","background-attachment":"scroll","background-type":"","background-media":"","overlay-type":"","overlay-color":"","overlay-gradient":""},"tablet":{"background-color":"var(--ast-global-color-5)","background-image":"","background-repeat":"repeat","background-position":"center center","background-size":"auto","background-attachment":"scroll","background-type":"","background-media":"","overlay-type":"","overlay-color":"","overlay-gradient":""},"mobile":{"background-color":"var(--ast-global-color-5)","background-image":"","background-repeat":"repeat","background-position":"center center","background-size":"auto","background-attachment":"scroll","background-type":"","background-media":"","overlay-type":"","overlay-color":"","overlay-gradient":""}},"footnotes":""},"acf":[],"_links":{"self":[{"href":"https:\/\/sarves.com.br\/chamada\/wp-json\/wp\/v2\/pages\/2040"}],"collection":[{"href":"https:\/\/sarves.com.br\/chamada\/wp-json\/wp\/v2\/pages"}],"about":[{"href":"https:\/\/sarves.com.br\/chamada\/wp-json\/wp\/v2\/types\/page"}],"author":[{"embeddable":true,"href":"https:\/\/sarves.com.br\/chamada\/wp-json\/wp\/v2\/users\/1"}],"replies":[{"embeddable":true,"href":"https:\/\/sarves.com.br\/chamada\/wp-json\/wp\/v2\/comments?post=2040"}],"version-history":[{"count":85,"href":"https:\/\/sarves.com.br\/chamada\/wp-json\/wp\/v2\/pages\/2040\/revisions"}],"predecessor-version":[{"id":3758,"href":"https:\/\/sarves.com.br\/chamada\/wp-json\/wp\/v2\/pages\/2040\/revisions\/3758"}],"wp:attachment":[{"href":"https:\/\/sarves.com.br\/chamada\/wp-json\/wp\/v2\/media?parent=2040"}],"curies":[{"name":"wp","href":"https:\/\/api.w.org\/{rel}","templated":true}]}}