{"id":1253,"date":"2024-02-05T02:19:21","date_gmt":"2024-02-05T02:19:21","guid":{"rendered":"https:\/\/sarves.com.br\/chamada\/?page_id=1253"},"modified":"2024-02-05T02:19:21","modified_gmt":"2024-02-05T02:19:21","slug":"privacidade-e-seguranca","status":"publish","type":"page","link":"https:\/\/sarves.com.br\/chamada\/privacidade-e-seguranca\/","title":{"rendered":"Privacidade e seguran\u00e7a"},"content":{"rendered":"\n<p>Sua privacidade \u00e9 importante para n\u00f3s. Qualquer informa\u00e7\u00e3o pessoal fornecida pelos usu\u00e1rios ser\u00e1 utilizada apenas para a finalidade definida pela p\u00e1gina em que for coletada e n\u00e3o ser\u00e1 compartilhada com terceiros, exceto quando essas informa\u00e7\u00f5es s\u00e3o necess\u00e1rias para o processo de entrega, cobran\u00e7a ou para a participa\u00e7\u00e3o em promo\u00e7\u00f5es solicitadas pelos clientes.<\/p>\n\n\n\n<p>Seu endere\u00e7o de e-mail ser\u00e1 usado apenas para responder suas comunica\u00e7\u00f5es ou, caso tenha se cadastrado para receber nosso informativo, para o envio deste. Caso tenha se cadastrado, a qualquer momento voc\u00ea poder\u00e1 cancelar o envio do boletim informativo para seu endere\u00e7o de e-mail atrav\u00e9s do link para cancelamento que est\u00e1 dispon\u00edvel em qualquer um dos boletins.<\/p>\n\n\n\n<p>Utilizamos cookies e informa\u00e7\u00f5es de sua navega\u00e7\u00e3o (sess\u00e3o do navegador) para acompanhar os processos de visita\u00e7\u00e3o e compra e para melhorar a experi\u00eancia de cada usu\u00e1rio. Essas informa\u00e7\u00f5es s\u00e3o coletadas automaticamente e permanecem em sigilo.<\/p>\n\n\n\n<p>Quaisquer dados de natureza sens\u00edvel, em especial os coletados para a remessa de pedidos feitos na loja, s\u00e3o transmitidos e armazenados de forma segura e criptografada.<\/p>\n\n\n\n<p>A qualquer momento, o usu\u00e1rio da Loja Chamada pode gerenciar seus dados, fazendo o login e acessando \u201cSua Conta\u201d.<\/p>\n\n\n\n<p><strong>Direitos do titular de dados<\/strong><\/p>\n\n\n\n<p>A partir do in\u00edcio da vig\u00eancia da Lei Geral de Prote\u00e7\u00e3o de Dados (LGPD), o titular dos dados pessoais ter\u00e1 o direito de obter da Chamada, a qualquer momento, mediante requisi\u00e7\u00e3o formal, informa\u00e7\u00f5es referentes aos seus dados. Indicados no Artigo 18 da Lei 13.709\/2018, s\u00e3o eles:<\/p>\n\n\n\n<p>&nbsp; &nbsp; I. confirma\u00e7\u00e3o da exist\u00eancia de tratamento;<\/p>\n\n\n\n<p>&nbsp; &nbsp; II. acesso aos dados;<\/p>\n\n\n\n<p>&nbsp; &nbsp; III. corre\u00e7\u00e3o de dados incompletos, inexatos ou desatualizados;<\/p>\n\n\n\n<p>&nbsp; &nbsp; IV. anonimiza\u00e7\u00e3o, bloqueio ou elimina\u00e7\u00e3o de dados desnecess\u00e1rios, excessivos ou tratados em desconformidade com o disposto nesta Lei;<\/p>\n\n\n\n<p>&nbsp; &nbsp; V. portabilidade dos dados a outro fornecedor de servi\u00e7o ou produto, mediante requisi\u00e7\u00e3o expressa, de acordo com a regulamenta\u00e7\u00e3o da autoridade nacional, observados os segredos comercial e industrial;<\/p>\n\n\n\n<p>&nbsp; &nbsp; VI. elimina\u00e7\u00e3o dos dados pessoais tratados com o consentimento do titular;<\/p>\n\n\n\n<p>&nbsp; &nbsp; VII. informa\u00e7\u00e3o das entidades p\u00fablicas e privadas com as quais o controlador realizou uso compartilhado de dados;<\/p>\n\n\n\n<p>&nbsp; &nbsp; VIII. informa\u00e7\u00e3o sobre a possibilidade de n\u00e3o fornecer consentimento e sobre as consequ\u00eancias da negativa;<\/p>\n\n\n\n<p>&nbsp; &nbsp; IX. revoga\u00e7\u00e3o do consentimento.<\/p>\n\n\n\n<p>Para entrar em contato conosco, envie um e-mail para contato@chamada.com.br.<\/p>\n\n\n\n<p><strong>Cookies e tecnologias semelhantes<\/strong><\/p>\n\n\n\n<p>Para fornecer uma experi\u00eancia aprimorada de navega\u00e7\u00e3o ao visitante e continuar melhorando os servi\u00e7os da Chamada, utilizamos cookies (pequeno arquivo que guarda informa\u00e7\u00f5es no seu navegador). Estes cookies servem para:<\/p>\n\n\n\n<p>&nbsp; &nbsp; \u2022 utilizar o carrinho de compras e salvar o carrinho de compras na Loja Chamada;<\/p>\n\n\n\n<p>&nbsp; &nbsp; \u2022 permanecer conectado ao fazer login;<\/p>\n\n\n\n<p>&nbsp; &nbsp; \u2022 mostrar ou ocultar conte\u00fado pago para o usu\u00e1rio;<\/p>\n\n\n\n<p>&nbsp; &nbsp; \u2022 recolher dados de pesquisa e diagn\u00f3stico de conte\u00fado para melhoria dos sites da Chamada (via Google Analytics).<\/p>\n\n\n\n<p><strong>Coleta autom\u00e1tica de dados<\/strong><\/p>\n\n\n\n<p>Para fins de an\u00e1lise e otimiza\u00e7\u00e3o dos sites, alguns dados s\u00e3o coletados automaticamente, como cidade de origem do acesso, sistema utilizado, site de origem, p\u00e1ginas visitadas, hora e dura\u00e7\u00e3o da visita, equipamentos utilizados, entre outras informa\u00e7\u00f5es de comportamento.<\/p>\n\n\n\n<p>Destacamos que nenhum dado pessoal (ou seja, aquele que identifique ou permita a identifica\u00e7\u00e3o dos usu\u00e1rios), \u00e9 coletado de forma autom\u00e1tica ou sem o consentimento do usu\u00e1rio. Os dados coletados de forma autom\u00e1tica n\u00e3o permitem a identifica\u00e7\u00e3o do usu\u00e1rio presente no site. As informa\u00e7\u00f5es coletadas de forma autom\u00e1tica ficam armazenadas, geralmente, no navegador do usu\u00e1rio, no formato de cookies.<\/p>\n\n\n\n<p>Notificamos que o bloqueio de cookies pode prejudicar a experi\u00eancia do usu\u00e1rio ao utilizar nossos sites.<\/p>\n\n\n\n<p>Sua privacidade \u00e9 importante para n\u00f3s. Qualquer informa\u00e7\u00e3o pessoal fornecida pelos usu\u00e1rios ser\u00e1&nbsp; utilizada&nbsp; apenas&nbsp; para&nbsp; a&nbsp; finalidade&nbsp; definida&nbsp; pela&nbsp; p\u00e1gina&nbsp; em&nbsp; que&nbsp; for&nbsp; coletada&nbsp; e&nbsp; n\u00e3o&nbsp; ser\u00e1 compartilhada com terceiros, exceto quando essas informa\u00e7\u00f5es s\u00e3o necess\u00e1rias para o processo de entrega, cobran\u00e7a ou para a participa\u00e7\u00e3o em promo\u00e7\u00f5es solicitadas pelos clientes.<\/p>\n","protected":false},"excerpt":{"rendered":"<p>Sua privacidade \u00e9 importante para n\u00f3s. Qualquer informa\u00e7\u00e3o pessoal fornecida pelos usu\u00e1rios ser\u00e1 utilizada apenas para a finalidade definida pela p\u00e1gina em que for coletada e n\u00e3o ser\u00e1 compartilhada com terceiros, exceto quando essas informa\u00e7\u00f5es s\u00e3o necess\u00e1rias para o processo de entrega, cobran\u00e7a ou para a participa\u00e7\u00e3o em promo\u00e7\u00f5es solicitadas pelos clientes. Seu endere\u00e7o de &hellip;<\/p>\n<p class=\"read-more\"> <a class=\"\" href=\"https:\/\/sarves.com.br\/chamada\/privacidade-e-seguranca\/\"> <span class=\"screen-reader-text\">Privacidade e seguran\u00e7a<\/span> Leia mais &raquo;<\/a><\/p>\n","protected":false},"author":1,"featured_media":0,"parent":0,"menu_order":0,"comment_status":"closed","ping_status":"closed","template":"","meta":{"inline_featured_image":false,"site-sidebar-layout":"default","site-content-layout":"","ast-site-content-layout":"default","site-content-style":"default","site-sidebar-style":"default","ast-global-header-display":"","ast-banner-title-visibility":"","ast-main-header-display":"","ast-hfb-above-header-display":"","ast-hfb-below-header-display":"","ast-hfb-mobile-header-display":"","site-post-title":"","ast-breadcrumbs-content":"","ast-featured-img":"","footer-sml-layout":"","theme-transparent-header-meta":"","adv-header-id-meta":"","stick-header-meta":"","header-above-stick-meta":"","header-main-stick-meta":"","header-below-stick-meta":"","astra-migrate-meta-layouts":"set","ast-page-background-enabled":"default","ast-page-background-meta":{"desktop":{"background-color":"","background-image":"","background-repeat":"repeat","background-position":"center center","background-size":"auto","background-attachment":"scroll","background-type":"","background-media":"","overlay-type":"","overlay-color":"","overlay-gradient":""},"tablet":{"background-color":"","background-image":"","background-repeat":"repeat","background-position":"center center","background-size":"auto","background-attachment":"scroll","background-type":"","background-media":"","overlay-type":"","overlay-color":"","overlay-gradient":""},"mobile":{"background-color":"","background-image":"","background-repeat":"repeat","background-position":"center center","background-size":"auto","background-attachment":"scroll","background-type":"","background-media":"","overlay-type":"","overlay-color":"","overlay-gradient":""}},"ast-content-background-meta":{"desktop":{"background-color":"var(--ast-global-color-5)","background-image":"","background-repeat":"repeat","background-position":"center center","background-size":"auto","background-attachment":"scroll","background-type":"","background-media":"","overlay-type":"","overlay-color":"","overlay-gradient":""},"tablet":{"background-color":"var(--ast-global-color-5)","background-image":"","background-repeat":"repeat","background-position":"center center","background-size":"auto","background-attachment":"scroll","background-type":"","background-media":"","overlay-type":"","overlay-color":"","overlay-gradient":""},"mobile":{"background-color":"var(--ast-global-color-5)","background-image":"","background-repeat":"repeat","background-position":"center center","background-size":"auto","background-attachment":"scroll","background-type":"","background-media":"","overlay-type":"","overlay-color":"","overlay-gradient":""}},"footnotes":""},"acf":[],"_links":{"self":[{"href":"https:\/\/sarves.com.br\/chamada\/wp-json\/wp\/v2\/pages\/1253"}],"collection":[{"href":"https:\/\/sarves.com.br\/chamada\/wp-json\/wp\/v2\/pages"}],"about":[{"href":"https:\/\/sarves.com.br\/chamada\/wp-json\/wp\/v2\/types\/page"}],"author":[{"embeddable":true,"href":"https:\/\/sarves.com.br\/chamada\/wp-json\/wp\/v2\/users\/1"}],"replies":[{"embeddable":true,"href":"https:\/\/sarves.com.br\/chamada\/wp-json\/wp\/v2\/comments?post=1253"}],"version-history":[{"count":1,"href":"https:\/\/sarves.com.br\/chamada\/wp-json\/wp\/v2\/pages\/1253\/revisions"}],"predecessor-version":[{"id":1254,"href":"https:\/\/sarves.com.br\/chamada\/wp-json\/wp\/v2\/pages\/1253\/revisions\/1254"}],"wp:attachment":[{"href":"https:\/\/sarves.com.br\/chamada\/wp-json\/wp\/v2\/media?parent=1253"}],"curies":[{"name":"wp","href":"https:\/\/api.w.org\/{rel}","templated":true}]}}